{"id":10,"date":"2024-07-16T11:51:36","date_gmt":"2024-07-16T11:51:36","guid":{"rendered":"https:\/\/destockage.es\/?page_id=10"},"modified":"2024-07-16T11:51:36","modified_gmt":"2024-07-16T11:51:36","slug":"mi-cuenta","status":"publish","type":"page","link":"https:\/\/destockage.es\/?page_id=10","title":{"rendered":"Mi cuenta"},"content":{"rendered":"<div class=\"woocommerce\"><div class=\"woocommerce-notices-wrapper\"><\/div>\n\n<div class=\"u-columns col2-set\" id=\"customer_login\">\n\n\t<div class=\"u-column1 col-1\">\n\n\n\t\t<h2>Acceder<\/h2>\n\n\t\t<form class=\"woocommerce-form woocommerce-form-login login\" method=\"post\" novalidate>\n\n\t\t\t\n\t\t\t<p class=\"woocommerce-form-row woocommerce-form-row--wide form-row form-row-wide\">\n\t\t\t\t<label for=\"username\">Nombre de usuario o correo electr\u00f3nico&nbsp;<span class=\"required\" aria-hidden=\"true\">*<\/span><span class=\"screen-reader-text\">Obligatorio<\/span><\/label>\n\t\t\t\t<input type=\"text\" class=\"woocommerce-Input woocommerce-Input--text input-text\" name=\"username\" id=\"username\" autocomplete=\"username\" value=\"\" required aria-required=\"true\" \/>\t\t\t<\/p>\n\t\t\t<p class=\"woocommerce-form-row woocommerce-form-row--wide form-row form-row-wide\">\n\t\t\t\t<label for=\"password\">Contrase\u00f1a&nbsp;<span class=\"required\" aria-hidden=\"true\">*<\/span><span class=\"screen-reader-text\">Obligatorio<\/span><\/label>\n\t\t\t\t<input class=\"woocommerce-Input woocommerce-Input--text input-text\" type=\"password\" name=\"password\" id=\"password\" autocomplete=\"current-password\" required aria-required=\"true\" \/>\n\t\t\t<\/p>\n\n\t\t\t\n\t\t\t<p class=\"form-row\">\n\t\t\t\t<label class=\"woocommerce-form__label woocommerce-form__label-for-checkbox woocommerce-form-login__rememberme\">\n\t\t\t\t\t<input class=\"woocommerce-form__input woocommerce-form__input-checkbox\" name=\"rememberme\" type=\"checkbox\" id=\"rememberme\" value=\"forever\" \/> <span>Recu\u00e9rdame<\/span>\n\t\t\t\t<\/label>\n\t\t\t\t<input type=\"hidden\" id=\"woocommerce-login-nonce\" name=\"woocommerce-login-nonce\" value=\"a40725c14f\" \/><input type=\"hidden\" name=\"_wp_http_referer\" value=\"\/index.php?rest_route=%2Fwp%2Fv2%2Fpages%2F10\" \/>\t\t\t\t<button type=\"submit\" class=\"woocommerce-button button woocommerce-form-login__submit\" name=\"login\" value=\"Acceso\">Acceso<\/button>\n\t\t\t<\/p>\n\t\t\t<p class=\"woocommerce-LostPassword lost_password\">\n\t\t\t\t<a href=\"https:\/\/destockage.es\/?page_id=10&#038;lost-password\">\u00bfOlvidaste la contrase\u00f1a?<\/a>\n\t\t\t<\/p>\n\n\t\t\t\n\t\t<\/form>\n\n\n\t<\/div>\n\n\t<div class=\"u-column2 col-2\">\n\n\t\t<h2>Registrarse<\/h2>\n\n\t\t<form method=\"post\" class=\"woocommerce-form woocommerce-form-register register\"  >\n\n\t\t\t\n\t\t\t\n\t\t\t<p class=\"woocommerce-form-row woocommerce-form-row--wide form-row form-row-wide\">\n\t\t\t\t<label for=\"reg_email\">Direcci\u00f3n de correo electr\u00f3nico&nbsp;<span class=\"required\" aria-hidden=\"true\">*<\/span><span class=\"screen-reader-text\">Obligatorio<\/span><\/label>\n\t\t\t\t<input type=\"email\" class=\"woocommerce-Input woocommerce-Input--text input-text\" name=\"email\" id=\"reg_email\" autocomplete=\"email\" value=\"\" required aria-required=\"true\" \/>\t\t\t<\/p>\n\n\t\t\t\n\t\t\t\t<p>Se enviar\u00e1 un enlace a tu direcci\u00f3n de correo electr\u00f3nico para establecer una nueva contrase\u00f1a.<\/p>\n\n\t\t\t\n\t\t\t<wc-order-attribution-inputs><\/wc-order-attribution-inputs><div class=\"woocommerce-privacy-policy-text\"><p>Tus datos personales se utilizar\u00e1n para procesar tu pedido, mejorar tu experiencia en esta web, gestionar el acceso a tu cuenta y otros prop\u00f3sitos descritos en nuestra <a href=\"https:\/\/destockage.es\/?page_id=3\" class=\"woocommerce-privacy-policy-link\" target=\"_blank\">pol\u00edtica de privacidad<\/a>.<\/p>\n<\/div>\n\t\t\t<p class=\"woocommerce-form-row form-row\">\n\t\t\t\t<input type=\"hidden\" id=\"woocommerce-register-nonce\" name=\"woocommerce-register-nonce\" value=\"2621905680\" \/><input type=\"hidden\" name=\"_wp_http_referer\" value=\"\/index.php?rest_route=%2Fwp%2Fv2%2Fpages%2F10\" \/>\t\t\t\t<button type=\"submit\" class=\"woocommerce-Button woocommerce-button button woocommerce-form-register__submit\" name=\"register\" value=\"Registrarse\">Registrarse<\/button>\n\t\t\t<\/p>\n\n\t\t\t\n\t\t<\/form>\n\n\t<\/div>\n\n<\/div>\n\n<\/div>\n","protected":false},"excerpt":{"rendered":"","protected":false},"author":1,"featured_media":0,"parent":0,"menu_order":0,"comment_status":"closed","ping_status":"closed","template":"","meta":{"footnotes":""},"class_list":["post-10","page","type-page","status-publish","hentry"],"yoast_head":"<!-- This site is optimized with the Yoast SEO plugin v27.1.1 - https:\/\/yoast.com\/product\/yoast-seo-wordpress\/ -->\n<title>Mi cuenta - Destockage - Ropa, Calzado, Bazar<\/title>\n<meta name=\"description\" content=\"Lotes al por mayor en stocks y liquidaciones. Ropa, Calzado, Accesorios y Bazar a precios irresistibles. Renueva tu inventario hoy.\" \/>\n<meta name=\"robots\" content=\"index, follow, max-snippet:-1, max-image-preview:large, max-video-preview:-1\" \/>\n<link rel=\"canonical\" href=\"https:\/\/destockage.es\/?page_id=10\" \/>\n<meta property=\"og:locale\" content=\"es_ES\" \/>\n<meta property=\"og:type\" content=\"article\" \/>\n<meta property=\"og:title\" content=\"Mi cuenta - Destockage - Ropa, Calzado, Bazar\" \/>\n<meta property=\"og:description\" content=\"Lotes al por mayor en stocks y liquidaciones. Ropa, Calzado, Accesorios y Bazar a precios irresistibles. Renueva tu inventario hoy.\" \/>\n<meta property=\"og:url\" content=\"https:\/\/destockage.es\/?page_id=10\" \/>\n<meta property=\"og:site_name\" content=\"Destockage\" \/>\n<meta property=\"article:publisher\" content=\"https:\/\/www.facebook.com\/destockageb2b\/\" \/>\n<meta name=\"twitter:card\" content=\"summary_large_image\" \/>\n<script type=\"application\/ld+json\" class=\"yoast-schema-graph\">{\"@context\":\"https:\/\/schema.org\",\"@graph\":[{\"@type\":\"WebPage\",\"@id\":\"https:\/\/destockage.es\/?page_id=10\",\"url\":\"https:\/\/destockage.es\/?page_id=10\",\"name\":\"Mi cuenta - Destockage - Ropa, Calzado, Bazar\",\"isPartOf\":{\"@id\":\"https:\/\/destockage.es\/#website\"},\"datePublished\":\"2024-07-16T11:51:36+00:00\",\"description\":\"Lotes al por mayor en stocks y liquidaciones. Ropa, Calzado, Accesorios y Bazar a precios irresistibles. Renueva tu inventario hoy.\",\"breadcrumb\":{\"@id\":\"https:\/\/destockage.es\/?page_id=10#breadcrumb\"},\"inLanguage\":\"es\",\"potentialAction\":[{\"@type\":\"ReadAction\",\"target\":[\"https:\/\/destockage.es\/?page_id=10\"]}]},{\"@type\":\"BreadcrumbList\",\"@id\":\"https:\/\/destockage.es\/?page_id=10#breadcrumb\",\"itemListElement\":[{\"@type\":\"ListItem\",\"position\":1,\"name\":\"Portada\",\"item\":\"https:\/\/destockage.es\/\"},{\"@type\":\"ListItem\",\"position\":2,\"name\":\"Mi cuenta\"}]},{\"@type\":\"WebSite\",\"@id\":\"https:\/\/destockage.es\/#website\",\"url\":\"https:\/\/destockage.es\/\",\"name\":\"Destockage\",\"description\":\"\",\"publisher\":{\"@id\":\"https:\/\/destockage.es\/#organization\"},\"potentialAction\":[{\"@type\":\"SearchAction\",\"target\":{\"@type\":\"EntryPoint\",\"urlTemplate\":\"https:\/\/destockage.es\/?s={search_term_string}\"},\"query-input\":{\"@type\":\"PropertyValueSpecification\",\"valueRequired\":true,\"valueName\":\"search_term_string\"}}],\"inLanguage\":\"es\"},{\"@type\":\"Organization\",\"@id\":\"https:\/\/destockage.es\/#organization\",\"name\":\"Destockage\",\"url\":\"https:\/\/destockage.es\/\",\"logo\":{\"@type\":\"ImageObject\",\"inLanguage\":\"es\",\"@id\":\"https:\/\/destockage.es\/#\/schema\/logo\/image\/\",\"url\":\"https:\/\/destockage.es\/wp-content\/uploads\/2024\/07\/cropped-Aprobado-Identidad-DSK-04.png\",\"contentUrl\":\"https:\/\/destockage.es\/wp-content\/uploads\/2024\/07\/cropped-Aprobado-Identidad-DSK-04.png\",\"width\":422,\"height\":59,\"caption\":\"Destockage\"},\"image\":{\"@id\":\"https:\/\/destockage.es\/#\/schema\/logo\/image\/\"},\"sameAs\":[\"https:\/\/www.facebook.com\/destockageb2b\/\"]}]}<\/script>\n<!-- \/ Yoast SEO plugin. -->","yoast_head_json":{"title":"Mi cuenta - Destockage - Ropa, Calzado, Bazar","description":"Lotes al por mayor en stocks y liquidaciones. Ropa, Calzado, Accesorios y Bazar a precios irresistibles. Renueva tu inventario hoy.","robots":{"index":"index","follow":"follow","max-snippet":"max-snippet:-1","max-image-preview":"max-image-preview:large","max-video-preview":"max-video-preview:-1"},"canonical":"https:\/\/destockage.es\/?page_id=10","og_locale":"es_ES","og_type":"article","og_title":"Mi cuenta - Destockage - Ropa, Calzado, Bazar","og_description":"Lotes al por mayor en stocks y liquidaciones. Ropa, Calzado, Accesorios y Bazar a precios irresistibles. Renueva tu inventario hoy.","og_url":"https:\/\/destockage.es\/?page_id=10","og_site_name":"Destockage","article_publisher":"https:\/\/www.facebook.com\/destockageb2b\/","twitter_card":"summary_large_image","schema":{"@context":"https:\/\/schema.org","@graph":[{"@type":"WebPage","@id":"https:\/\/destockage.es\/?page_id=10","url":"https:\/\/destockage.es\/?page_id=10","name":"Mi cuenta - Destockage - Ropa, Calzado, Bazar","isPartOf":{"@id":"https:\/\/destockage.es\/#website"},"datePublished":"2024-07-16T11:51:36+00:00","description":"Lotes al por mayor en stocks y liquidaciones. Ropa, Calzado, Accesorios y Bazar a precios irresistibles. Renueva tu inventario hoy.","breadcrumb":{"@id":"https:\/\/destockage.es\/?page_id=10#breadcrumb"},"inLanguage":"es","potentialAction":[{"@type":"ReadAction","target":["https:\/\/destockage.es\/?page_id=10"]}]},{"@type":"BreadcrumbList","@id":"https:\/\/destockage.es\/?page_id=10#breadcrumb","itemListElement":[{"@type":"ListItem","position":1,"name":"Portada","item":"https:\/\/destockage.es\/"},{"@type":"ListItem","position":2,"name":"Mi cuenta"}]},{"@type":"WebSite","@id":"https:\/\/destockage.es\/#website","url":"https:\/\/destockage.es\/","name":"Destockage","description":"","publisher":{"@id":"https:\/\/destockage.es\/#organization"},"potentialAction":[{"@type":"SearchAction","target":{"@type":"EntryPoint","urlTemplate":"https:\/\/destockage.es\/?s={search_term_string}"},"query-input":{"@type":"PropertyValueSpecification","valueRequired":true,"valueName":"search_term_string"}}],"inLanguage":"es"},{"@type":"Organization","@id":"https:\/\/destockage.es\/#organization","name":"Destockage","url":"https:\/\/destockage.es\/","logo":{"@type":"ImageObject","inLanguage":"es","@id":"https:\/\/destockage.es\/#\/schema\/logo\/image\/","url":"https:\/\/destockage.es\/wp-content\/uploads\/2024\/07\/cropped-Aprobado-Identidad-DSK-04.png","contentUrl":"https:\/\/destockage.es\/wp-content\/uploads\/2024\/07\/cropped-Aprobado-Identidad-DSK-04.png","width":422,"height":59,"caption":"Destockage"},"image":{"@id":"https:\/\/destockage.es\/#\/schema\/logo\/image\/"},"sameAs":["https:\/\/www.facebook.com\/destockageb2b\/"]}]}},"_links":{"self":[{"href":"https:\/\/destockage.es\/index.php?rest_route=\/wp\/v2\/pages\/10","targetHints":{"allow":["GET"]}}],"collection":[{"href":"https:\/\/destockage.es\/index.php?rest_route=\/wp\/v2\/pages"}],"about":[{"href":"https:\/\/destockage.es\/index.php?rest_route=\/wp\/v2\/types\/page"}],"author":[{"embeddable":true,"href":"https:\/\/destockage.es\/index.php?rest_route=\/wp\/v2\/users\/1"}],"replies":[{"embeddable":true,"href":"https:\/\/destockage.es\/index.php?rest_route=%2Fwp%2Fv2%2Fcomments&post=10"}],"version-history":[{"count":0,"href":"https:\/\/destockage.es\/index.php?rest_route=\/wp\/v2\/pages\/10\/revisions"}],"wp:attachment":[{"href":"https:\/\/destockage.es\/index.php?rest_route=%2Fwp%2Fv2%2Fmedia&parent=10"}],"curies":[{"name":"wp","href":"https:\/\/api.w.org\/{rel}","templated":true}]}}